{"id":2,"date":"2022-08-03T12:47:12","date_gmt":"2022-08-03T12:47:12","guid":{"rendered":"https:\/\/doku.softengine.de\/?page_id=2"},"modified":"2023-01-09T16:53:20","modified_gmt":"2023-01-09T16:53:20","slug":"sample-page","status":"publish","type":"page","link":"https:\/\/doku.softengine.de\/","title":{"rendered":"Dokumentation"},"content":{"rendered":"<h3>SoftENGINE ERP<\/h3>\n<p><a class=\"button\" href=\"https:\/\/doku.softengine.de\/wp-content\/uploads\/2022\/ERPDOKU\/index.html\">Online-Dokumentation zur SoftENGINE ERP<\/a><\/p>\n<h3>SoftENGINE Kasse<\/h3>\n<p><a class=\"button\" href=\"https:\/\/doku.softengine.de\/wp-content\/uploads\/2022\/kasse\/index.html\">Online-Dokumentation zur SoftENGINE Kasse<\/a><\/p>\n<p>Hier finden Sie die Dokumentation zu \u00e4lteren Versionen:<\/p>\n<p><a href=\"https:\/\/doku.softengine.de\/wp-content\/uploads\/2022\/wwdoku\/index.html\">WEBWARE<\/a><\/p>\n<p><a href=\"https:\/\/doku.softengine.de\/wp-content\/uploads\/2022\/premium\/index.html\" target=\"_blank\" rel=\"noopener\">B\u00fcroWARE premium<\/a><\/p>\n<p><a href=\"https:\/\/doku.softengine.de\/wp-content\/uploads\/2022\/medium\/index.html\" target=\"_blank\" rel=\"noopener\">B\u00fcroWARE medium<\/a><\/p>\n<p><a href=\"https:\/\/doku.softengine.de\/wp-content\/uploads\/2022\/basic\/index.html\" target=\"_blank\" rel=\"noopener\">B\u00fcroWARE basic<\/a><\/p>\n","protected":false},"excerpt":{"rendered":"<p>SoftENGINE ERP Online-Dokumentation zur SoftENGINE ERP SoftENGINE Kasse Online-Dokumentation zur SoftENGINE Kasse Hier finden Sie die Dokumentation zu \u00e4lteren Versionen: WEBWARE B\u00fcroWARE premium B\u00fcroWARE medium B\u00fcroWARE basic<\/p>\n","protected":false},"author":1,"featured_media":0,"parent":0,"menu_order":0,"comment_status":"closed","ping_status":"open","template":"","meta":{"footnotes":""},"class_list":["post-2","page","type-page","status-publish","hentry","entry"],"_links":{"self":[{"href":"https:\/\/doku.softengine.de\/index.php?rest_route=\/wp\/v2\/pages\/2","targetHints":{"allow":["GET"]}}],"collection":[{"href":"https:\/\/doku.softengine.de\/index.php?rest_route=\/wp\/v2\/pages"}],"about":[{"href":"https:\/\/doku.softengine.de\/index.php?rest_route=\/wp\/v2\/types\/page"}],"author":[{"embeddable":true,"href":"https:\/\/doku.softengine.de\/index.php?rest_route=\/wp\/v2\/users\/1"}],"replies":[{"embeddable":true,"href":"https:\/\/doku.softengine.de\/index.php?rest_route=%2Fwp%2Fv2%2Fcomments&post=2"}],"version-history":[{"count":13,"href":"https:\/\/doku.softengine.de\/index.php?rest_route=\/wp\/v2\/pages\/2\/revisions"}],"predecessor-version":[{"id":41,"href":"https:\/\/doku.softengine.de\/index.php?rest_route=\/wp\/v2\/pages\/2\/revisions\/41"}],"wp:attachment":[{"href":"https:\/\/doku.softengine.de\/index.php?rest_route=%2Fwp%2Fv2%2Fmedia&parent=2"}],"curies":[{"name":"wp","href":"https:\/\/api.w.org\/{rel}","templated":true}]}}